{"id":46,"date":"2020-04-06T12:11:00","date_gmt":"2020-04-06T12:11:00","guid":{"rendered":"http:\/\/www.odchudzony.pl\/?page_id=46"},"modified":"2020-04-08T19:44:54","modified_gmt":"2020-04-08T19:44:54","slug":"o-mnie","status":"publish","type":"page","link":"http:\/\/www.odchudzony.pl\/index.php\/o-mnie\/","title":{"rendered":"O-mnie"},"content":{"rendered":"\t\t<div data-elementor-type=\"wp-page\" data-elementor-id=\"46\" class=\"elementor elementor-46\">\n\t\t\t\t\t\t\t\t\t<section class=\"elementor-section elementor-top-section elementor-element elementor-element-484b69b elementor-section-boxed elementor-section-height-default elementor-section-height-default\" data-id=\"484b69b\" data-element_type=\"section\">\n\t\t\t\t\t\t<div class=\"elementor-container elementor-column-gap-default\">\n\t\t\t\t\t<div class=\"elementor-column elementor-col-100 elementor-top-column elementor-element elementor-element-9763e35\" data-id=\"9763e35\" data-element_type=\"column\">\n\t\t\t<div class=\"elementor-widget-wrap elementor-element-populated\">\n\t\t\t\t\t\t\t\t<div class=\"elementor-element elementor-element-6b14bf4 elementor-widget elementor-widget-text-editor\" data-id=\"6b14bf4\" data-element_type=\"widget\" data-widget_type=\"text-editor.default\">\n\t\t\t\t<div class=\"elementor-widget-container\">\n\t\t\t\t\t\t\t<p>Witam na mojej stronie po\u015bwi\u0119conej Zdrowemu Stylowi \u00a0\u017bycia.<\/p><p>&#8222;Odchudzony&#8221; To ja &#8211; Nazywam si\u0119 Ryszard Putiatycki . Jestem Mieszka\u0144cem malowniczej g\u00f3rskiej miejscowo\u015bci Limanowa . W moim \u017cyciu by\u0142o du\u017co wzlot\u00f3w i upadk\u00f3w, ale to wszystko nic, mo\u017cemy robi\u0107 r\u00f3\u017cne rzeczy:\u00a0marzy\u0107, pracowa\u0107, zarabia\u0107, planowa\u0107, cieszy\u0107 si\u0119, martwi\u0107 si\u0119, czy nawet p\u0142aka\u0107 .To wszystko nic, wszystkiego czego nam potrzeba to zdrowie.<\/p><p>Tutaj zaczyna si\u0119 moja historia, a raczej tera\u017aniejszo\u015b\u0107, zdrowy Styl \u017bycia.<\/p><p>Moj\u0105 najwi\u0119ksz\u0105 bol\u0105czk\u0105 by\u0142a nadwaga i to spora, wzrost 169 cm, a waga 123kg . R\u00f3\u017cne diety, zabiegi, si\u0142ownie przynosi\u0142y efekt mizerny albo zaraz wszystko wraca\u0142o nawet z dwa razy wi\u0119ksz\u0105 si\u0142\u0105\u00a0.\u00a0W grudniu 2015 roku pozna\u0142em pani\u0105 Iwon\u0119, kt\u00f3ra jest Partnerem Niemieckiej firmy LR . Pomy\u015bla\u0142em \u2018Nast\u0119pna Cudowna Dieta i Specyfiki z NASA\u2019.\u00a0Pad\u0142o te\u017c pytanie czy jestem zakwaszony? Zakwaszony, co\u015b tam o tym s\u0142ysza\u0142em, ale jako\u015b nie przywi\u0105zywa\u0142em uwagi.\u00a0Dzi\u015b 29 Lipca pogoda w kratk\u0119, ale u\u015bmiech jest, moja waga 97.8kg,\u00a06 miesi\u0119cy ponad 20 kg mniej. Czy to du\u017co?\u00a0Mo\u017ce kto\u015b powie \u017ce ma\u0142o.\u00a0Ja wiem jedno, na pewno zdrowo i bezpiecznie,\u00a0bez efektu JOJO.\u00a0<\/p><p>Dzi\u015b wiedza zdobyta na szkoleniach w firmie LR jest wykorzystywana w moim \u017cyciu i \u017cyciu moich znajomych, kt\u00f3rzy zaczeli \u00a0mi zazdro\u015bci\u0107 efekt\u00f3w i sami spr\u00f3bowali,\u00a0te\u017c je maj\u0105.<\/p><p>Od ko\u0144ca maja jestem\u00a0Aktywnym Partnerem\u00a0\u00a0Firmy\u00a0LR\u00a0i pomog\u0119 ka\u017cdemu w redukcji wagi, czy zakwaszeniu. Zakwaszenie to te\u017c pod\u0142o\u017ce dla wielu innych chor\u00f3b,\u00a0wi\u0119c je\u015bli masz ochot\u0119 poprawi\u0107 swoje dotychczasowe \u017cycie i zdrowie,\u00a0zapraszam do kontaktu.<\/p>\t\t\t\t\t\t<\/div>\n\t\t\t\t<\/div>\n\t\t\t\t\t<\/div>\n\t\t<\/div>\n\t\t\t\t\t\t\t<\/div>\n\t\t<\/section>\n\t\t\t\t\t\t\t<\/div>\n\t\t","protected":false},"excerpt":{"rendered":"<p>Witam na mojej stronie po\u015bwi\u0119conej Zdrowemu Stylowi &nbsp;\u017bycia. &#8222;Odchudzony&#8221; To ja &#8211; Nazywam si\u0119 Ryszard Putiatycki . Jestem Mieszka\u0144cem malowniczej g\u00f3rskiej miejscowo\u015bci Limanowa . W moim \u017cyciu by\u0142o du\u017co wzlot\u00f3w i upadk\u00f3w, ale to wszystko nic, mo\u017cemy robi\u0107 r\u00f3\u017cne rzeczy:&nbsp;marzy\u0107, pracowa\u0107, zarabia\u0107, planowa\u0107, cieszy\u0107 si\u0119, martwi\u0107 si\u0119, czy nawet p\u0142aka\u0107 .To wszystko nic, wszystkiego czego&hellip;<\/p>\n","protected":false},"author":1,"featured_media":0,"parent":0,"menu_order":0,"comment_status":"closed","ping_status":"closed","template":"","meta":{"footnotes":""},"yoast_head":"<!-- This site is optimized with the Yoast SEO plugin v19.12 - https:\/\/yoast.com\/wordpress\/plugins\/seo\/ -->\n<title>Odchudzony-strona o odchudzaniu Skuteczny program redukcji wagi<\/title>\n<meta name=\"description\" content=\"Dzisiejsze czasy sprawiaj\u0105 ,\u017ce coraz wi\u0119cej kobiet i m\u0119\u017cczyzn ma problemy z nadwag\u0105. Przyczyn\u0105 jest nie pe\u0142nowarto\u015bciowe jedzenie.Brak substancji od\u017cywczych\" \/>\n<meta name=\"robots\" content=\"index, follow, max-snippet:-1, max-image-preview:large, max-video-preview:-1\" \/>\n<link rel=\"canonical\" href=\"http:\/\/www.odchudzony.pl\/index.php\/o-mnie\/\" \/>\n<meta property=\"og:locale\" content=\"pl_PL\" \/>\n<meta property=\"og:type\" content=\"article\" \/>\n<meta property=\"og:title\" content=\"Odchudzony-strona o odchudzaniu Skuteczny program redukcji wagi\" \/>\n<meta property=\"og:description\" content=\"Dzisiejsze czasy sprawiaj\u0105 ,\u017ce coraz wi\u0119cej kobiet i m\u0119\u017cczyzn ma problemy z nadwag\u0105. Przyczyn\u0105 jest nie pe\u0142nowarto\u015bciowe jedzenie.Brak substancji od\u017cywczych\" \/>\n<meta property=\"og:url\" content=\"http:\/\/www.odchudzony.pl\/index.php\/o-mnie\/\" \/>\n<meta property=\"og:site_name\" content=\"Odchudzony\" \/>\n<meta property=\"article:modified_time\" content=\"2020-04-08T19:44:54+00:00\" \/>\n<meta name=\"twitter:card\" content=\"summary_large_image\" \/>\n<meta name=\"twitter:label1\" content=\"Szacowany czas czytania\" \/>\n\t<meta name=\"twitter:data1\" content=\"2 minuty\" \/>\n<script type=\"application\/ld+json\" class=\"yoast-schema-graph\">{\"@context\":\"https:\/\/schema.org\",\"@graph\":[{\"@type\":\"WebPage\",\"@id\":\"http:\/\/www.odchudzony.pl\/index.php\/o-mnie\/\",\"url\":\"http:\/\/www.odchudzony.pl\/index.php\/o-mnie\/\",\"name\":\"Odchudzony-strona o odchudzaniu Skuteczny program redukcji wagi\",\"isPartOf\":{\"@id\":\"http:\/\/www.odchudzony.pl\/#website\"},\"datePublished\":\"2020-04-06T12:11:00+00:00\",\"dateModified\":\"2020-04-08T19:44:54+00:00\",\"description\":\"Dzisiejsze czasy sprawiaj\u0105 ,\u017ce coraz wi\u0119cej kobiet i m\u0119\u017cczyzn ma problemy z nadwag\u0105. Przyczyn\u0105 jest nie pe\u0142nowarto\u015bciowe jedzenie.Brak substancji od\u017cywczych\",\"breadcrumb\":{\"@id\":\"http:\/\/www.odchudzony.pl\/index.php\/o-mnie\/#breadcrumb\"},\"inLanguage\":\"pl-PL\",\"potentialAction\":[{\"@type\":\"ReadAction\",\"target\":[\"http:\/\/www.odchudzony.pl\/index.php\/o-mnie\/\"]}]},{\"@type\":\"BreadcrumbList\",\"@id\":\"http:\/\/www.odchudzony.pl\/index.php\/o-mnie\/#breadcrumb\",\"itemListElement\":[{\"@type\":\"ListItem\",\"position\":1,\"name\":\"Strona g\u0142\u00f3wna\",\"item\":\"http:\/\/www.odchudzony.pl\/\"},{\"@type\":\"ListItem\",\"position\":2,\"name\":\"O-mnie\"}]},{\"@type\":\"WebSite\",\"@id\":\"http:\/\/www.odchudzony.pl\/#website\",\"url\":\"http:\/\/www.odchudzony.pl\/\",\"name\":\"Odchudzony\",\"description\":\"Cia\u0142o odkwaszone jest zdrowe i szczup\u0142e.\",\"potentialAction\":[{\"@type\":\"SearchAction\",\"target\":{\"@type\":\"EntryPoint\",\"urlTemplate\":\"http:\/\/www.odchudzony.pl\/?s={search_term_string}\"},\"query-input\":\"required name=search_term_string\"}],\"inLanguage\":\"pl-PL\"}]}<\/script>\n<!-- \/ Yoast SEO plugin. -->","yoast_head_json":{"title":"Odchudzony-strona o odchudzaniu Skuteczny program redukcji wagi","description":"Dzisiejsze czasy sprawiaj\u0105 ,\u017ce coraz wi\u0119cej kobiet i m\u0119\u017cczyzn ma problemy z nadwag\u0105. Przyczyn\u0105 jest nie pe\u0142nowarto\u015bciowe jedzenie.Brak substancji od\u017cywczych","robots":{"index":"index","follow":"follow","max-snippet":"max-snippet:-1","max-image-preview":"max-image-preview:large","max-video-preview":"max-video-preview:-1"},"canonical":"http:\/\/www.odchudzony.pl\/index.php\/o-mnie\/","og_locale":"pl_PL","og_type":"article","og_title":"Odchudzony-strona o odchudzaniu Skuteczny program redukcji wagi","og_description":"Dzisiejsze czasy sprawiaj\u0105 ,\u017ce coraz wi\u0119cej kobiet i m\u0119\u017cczyzn ma problemy z nadwag\u0105. Przyczyn\u0105 jest nie pe\u0142nowarto\u015bciowe jedzenie.Brak substancji od\u017cywczych","og_url":"http:\/\/www.odchudzony.pl\/index.php\/o-mnie\/","og_site_name":"Odchudzony","article_modified_time":"2020-04-08T19:44:54+00:00","twitter_card":"summary_large_image","twitter_misc":{"Szacowany czas czytania":"2 minuty"},"schema":{"@context":"https:\/\/schema.org","@graph":[{"@type":"WebPage","@id":"http:\/\/www.odchudzony.pl\/index.php\/o-mnie\/","url":"http:\/\/www.odchudzony.pl\/index.php\/o-mnie\/","name":"Odchudzony-strona o odchudzaniu Skuteczny program redukcji wagi","isPartOf":{"@id":"http:\/\/www.odchudzony.pl\/#website"},"datePublished":"2020-04-06T12:11:00+00:00","dateModified":"2020-04-08T19:44:54+00:00","description":"Dzisiejsze czasy sprawiaj\u0105 ,\u017ce coraz wi\u0119cej kobiet i m\u0119\u017cczyzn ma problemy z nadwag\u0105. Przyczyn\u0105 jest nie pe\u0142nowarto\u015bciowe jedzenie.Brak substancji od\u017cywczych","breadcrumb":{"@id":"http:\/\/www.odchudzony.pl\/index.php\/o-mnie\/#breadcrumb"},"inLanguage":"pl-PL","potentialAction":[{"@type":"ReadAction","target":["http:\/\/www.odchudzony.pl\/index.php\/o-mnie\/"]}]},{"@type":"BreadcrumbList","@id":"http:\/\/www.odchudzony.pl\/index.php\/o-mnie\/#breadcrumb","itemListElement":[{"@type":"ListItem","position":1,"name":"Strona g\u0142\u00f3wna","item":"http:\/\/www.odchudzony.pl\/"},{"@type":"ListItem","position":2,"name":"O-mnie"}]},{"@type":"WebSite","@id":"http:\/\/www.odchudzony.pl\/#website","url":"http:\/\/www.odchudzony.pl\/","name":"Odchudzony","description":"Cia\u0142o odkwaszone jest zdrowe i szczup\u0142e.","potentialAction":[{"@type":"SearchAction","target":{"@type":"EntryPoint","urlTemplate":"http:\/\/www.odchudzony.pl\/?s={search_term_string}"},"query-input":"required name=search_term_string"}],"inLanguage":"pl-PL"}]}},"_links":{"self":[{"href":"http:\/\/www.odchudzony.pl\/index.php\/wp-json\/wp\/v2\/pages\/46"}],"collection":[{"href":"http:\/\/www.odchudzony.pl\/index.php\/wp-json\/wp\/v2\/pages"}],"about":[{"href":"http:\/\/www.odchudzony.pl\/index.php\/wp-json\/wp\/v2\/types\/page"}],"author":[{"embeddable":true,"href":"http:\/\/www.odchudzony.pl\/index.php\/wp-json\/wp\/v2\/users\/1"}],"replies":[{"embeddable":true,"href":"http:\/\/www.odchudzony.pl\/index.php\/wp-json\/wp\/v2\/comments?post=46"}],"version-history":[{"count":4,"href":"http:\/\/www.odchudzony.pl\/index.php\/wp-json\/wp\/v2\/pages\/46\/revisions"}],"predecessor-version":[{"id":116,"href":"http:\/\/www.odchudzony.pl\/index.php\/wp-json\/wp\/v2\/pages\/46\/revisions\/116"}],"wp:attachment":[{"href":"http:\/\/www.odchudzony.pl\/index.php\/wp-json\/wp\/v2\/media?parent=46"}],"curies":[{"name":"wp","href":"https:\/\/api.w.org\/{rel}","templated":true}]}}